{"id":122,"date":"2023-07-26T09:28:27","date_gmt":"2023-07-26T09:28:27","guid":{"rendered":"https:\/\/ivaninfante.com\/?page_id=122"},"modified":"2023-08-03T12:08:41","modified_gmt":"2023-08-03T12:08:41","slug":"sobre-mi","status":"publish","type":"page","link":"https:\/\/ivaninfante.com\/index.php\/sobre-mi\/","title":{"rendered":"CON\u00d3CEME"},"content":{"rendered":"\t\t<div data-elementor-type=\"wp-page\" data-elementor-id=\"122\" class=\"elementor elementor-122\">\n\t\t\t\t\t\t<section class=\"elementor-section elementor-top-section elementor-element elementor-element-45e0ca5 elementor-section-full_width elementor-section-stretched elementor-section-height-default elementor-section-height-default wpr-particle-no wpr-jarallax-no wpr-parallax-no wpr-sticky-section-no\" data-id=\"45e0ca5\" data-element_type=\"section\" data-settings=\"{&quot;background_background&quot;:&quot;classic&quot;,&quot;stretch_section&quot;:&quot;section-stretched&quot;}\">\n\t\t\t\t\t\t<div class=\"elementor-container elementor-column-gap-default\">\n\t\t\t\t\t<div class=\"elementor-column elementor-col-50 elementor-top-column elementor-element elementor-element-f33e773\" data-id=\"f33e773\" data-element_type=\"column\">\n\t\t\t<div class=\"elementor-widget-wrap elementor-element-populated\">\n\t\t\t\t\t\t<div class=\"elementor-element elementor-element-daf3dba elementor-widget__width-initial elementor-widget elementor-widget-image\" data-id=\"daf3dba\" data-element_type=\"widget\" data-widget_type=\"image.default\">\n\t\t\t\t<div class=\"elementor-widget-container\">\n\t\t\t<style>\/*! elementor - v3.20.0 - 26-03-2024 *\/\n.elementor-widget-image{text-align:center}.elementor-widget-image a{display:inline-block}.elementor-widget-image a img[src$=\".svg\"]{width:48px}.elementor-widget-image img{vertical-align:middle;display:inline-block}<\/style>\t\t\t\t\t\t\t\t\t\t<img fetchpriority=\"high\" decoding=\"async\" width=\"2560\" height=\"1036\" src=\"https:\/\/ivaninfante.com\/wp-content\/uploads\/2023\/07\/BARNUM6363-1-scaled-e1690391635606.jpg\" class=\"attachment-full size-full wp-image-181\" alt=\"\" srcset=\"https:\/\/ivaninfante.com\/wp-content\/uploads\/2023\/07\/BARNUM6363-1-scaled-e1690391635606.jpg 2560w, https:\/\/ivaninfante.com\/wp-content\/uploads\/2023\/07\/BARNUM6363-1-scaled-e1690391635606-300x121.jpg 300w, https:\/\/ivaninfante.com\/wp-content\/uploads\/2023\/07\/BARNUM6363-1-scaled-e1690391635606-1024x414.jpg 1024w, https:\/\/ivaninfante.com\/wp-content\/uploads\/2023\/07\/BARNUM6363-1-scaled-e1690391635606-768x311.jpg 768w, https:\/\/ivaninfante.com\/wp-content\/uploads\/2023\/07\/BARNUM6363-1-scaled-e1690391635606-1536x622.jpg 1536w, https:\/\/ivaninfante.com\/wp-content\/uploads\/2023\/07\/BARNUM6363-1-scaled-e1690391635606-2048x829.jpg 2048w\" sizes=\"(max-width: 2560px) 100vw, 2560px\" \/>\t\t\t\t\t\t\t\t\t\t\t\t\t<\/div>\n\t\t\t\t<\/div>\n\t\t\t\t\t<\/div>\n\t\t<\/div>\n\t\t\t\t<div class=\"elementor-column elementor-col-50 elementor-top-column elementor-element elementor-element-c6ec59a\" data-id=\"c6ec59a\" data-element_type=\"column\">\n\t\t\t<div class=\"elementor-widget-wrap elementor-element-populated\">\n\t\t\t\t\t\t<div class=\"elementor-element elementor-element-ccc11d1 elementor-widget elementor-widget-heading\" data-id=\"ccc11d1\" data-element_type=\"widget\" data-widget_type=\"heading.default\">\n\t\t\t\t<div class=\"elementor-widget-container\">\n\t\t\t<style>\/*! elementor - v3.20.0 - 26-03-2024 *\/\n.elementor-heading-title{padding:0;margin:0;line-height:1}.elementor-widget-heading .elementor-heading-title[class*=elementor-size-]>a{color:inherit;font-size:inherit;line-height:inherit}.elementor-widget-heading .elementor-heading-title.elementor-size-small{font-size:15px}.elementor-widget-heading .elementor-heading-title.elementor-size-medium{font-size:19px}.elementor-widget-heading .elementor-heading-title.elementor-size-large{font-size:29px}.elementor-widget-heading .elementor-heading-title.elementor-size-xl{font-size:39px}.elementor-widget-heading .elementor-heading-title.elementor-size-xxl{font-size:59px}<\/style><h2 class=\"elementor-heading-title elementor-size-default\">HOLA, SOY IV\u00c1N INFANTE<\/h2>\t\t<\/div>\n\t\t\t\t<\/div>\n\t\t\t\t<div class=\"elementor-element elementor-element-7a3defd elementor-widget elementor-widget-text-editor\" data-id=\"7a3defd\" data-element_type=\"widget\" data-widget_type=\"text-editor.default\">\n\t\t\t\t<div class=\"elementor-widget-container\">\n\t\t\t<style>\/*! elementor - v3.20.0 - 26-03-2024 *\/\n.elementor-widget-text-editor.elementor-drop-cap-view-stacked .elementor-drop-cap{background-color:#69727d;color:#fff}.elementor-widget-text-editor.elementor-drop-cap-view-framed .elementor-drop-cap{color:#69727d;border:3px solid;background-color:transparent}.elementor-widget-text-editor:not(.elementor-drop-cap-view-default) .elementor-drop-cap{margin-top:8px}.elementor-widget-text-editor:not(.elementor-drop-cap-view-default) .elementor-drop-cap-letter{width:1em;height:1em}.elementor-widget-text-editor .elementor-drop-cap{float:left;text-align:center;line-height:1;font-size:50px}.elementor-widget-text-editor .elementor-drop-cap-letter{display:inline-block}<\/style>\t\t\t\t<p>Y me defino profesionalmente como filmaker y fot\u00f3grafo. Desde hace a\u00f1os vivo con una c\u00e1mara entre mis manos, creando e inventando historias en mi cabeza, volvi\u00e9ndolas inolvidables.&nbsp;<\/p>\n<p>Es por eso, que pienso que todos nosotros deber\u00edamos poder volver inolvidables todas aquellas historias y momentos que tan importantes son para nosotros.&nbsp;<\/p>\t\t\t\t\t\t<\/div>\n\t\t\t\t<\/div>\n\t\t\t\t\t<\/div>\n\t\t<\/div>\n\t\t\t\t\t<\/div>\n\t\t<\/section>\n\t\t\t\t<section class=\"elementor-section elementor-top-section elementor-element elementor-element-3e6620f elementor-section-boxed elementor-section-height-default elementor-section-height-default wpr-particle-no wpr-jarallax-no wpr-parallax-no wpr-sticky-section-no\" data-id=\"3e6620f\" data-element_type=\"section\">\n\t\t\t\t\t\t<div class=\"elementor-container elementor-column-gap-default\">\n\t\t\t\t\t<div class=\"elementor-column elementor-col-100 elementor-top-column elementor-element elementor-element-cb8df3c\" data-id=\"cb8df3c\" data-element_type=\"column\">\n\t\t\t<div class=\"elementor-widget-wrap elementor-element-populated\">\n\t\t\t\t\t\t<div class=\"elementor-element elementor-element-4ff0555 elementor-widget elementor-widget-spacer\" data-id=\"4ff0555\" data-element_type=\"widget\" data-widget_type=\"spacer.default\">\n\t\t\t\t<div class=\"elementor-widget-container\">\n\t\t\t<style>\/*! elementor - v3.20.0 - 26-03-2024 *\/\n.elementor-column .elementor-spacer-inner{height:var(--spacer-size)}.e-con{--container-widget-width:100%}.e-con-inner>.elementor-widget-spacer,.e-con>.elementor-widget-spacer{width:var(--container-widget-width,var(--spacer-size));--align-self:var(--container-widget-align-self,initial);--flex-shrink:0}.e-con-inner>.elementor-widget-spacer>.elementor-widget-container,.e-con>.elementor-widget-spacer>.elementor-widget-container{height:100%;width:100%}.e-con-inner>.elementor-widget-spacer>.elementor-widget-container>.elementor-spacer,.e-con>.elementor-widget-spacer>.elementor-widget-container>.elementor-spacer{height:100%}.e-con-inner>.elementor-widget-spacer>.elementor-widget-container>.elementor-spacer>.elementor-spacer-inner,.e-con>.elementor-widget-spacer>.elementor-widget-container>.elementor-spacer>.elementor-spacer-inner{height:var(--container-widget-height,var(--spacer-size))}.e-con-inner>.elementor-widget-spacer.elementor-widget-empty,.e-con>.elementor-widget-spacer.elementor-widget-empty{position:relative;min-height:22px;min-width:22px}.e-con-inner>.elementor-widget-spacer.elementor-widget-empty .elementor-widget-empty-icon,.e-con>.elementor-widget-spacer.elementor-widget-empty .elementor-widget-empty-icon{position:absolute;top:0;bottom:0;left:0;right:0;margin:auto;padding:0;width:22px;height:22px}<\/style>\t\t<div class=\"elementor-spacer\">\n\t\t\t<div class=\"elementor-spacer-inner\"><\/div>\n\t\t<\/div>\n\t\t\t\t<\/div>\n\t\t\t\t<\/div>\n\t\t\t\t<div class=\"elementor-element elementor-element-4c957b6 elementor-widget elementor-widget-text-editor\" data-id=\"4c957b6\" data-element_type=\"widget\" data-widget_type=\"text-editor.default\">\n\t\t\t\t<div class=\"elementor-widget-container\">\n\t\t\t\t\t\t\t<p>\u00abEl video es el lienzo en movimiento donde la creatividad se libera, las historias cobran vida y el mundo se transforma en una experiencia visual y emocional \u00fanica\u00bb<\/p>\t\t\t\t\t\t<\/div>\n\t\t\t\t<\/div>\n\t\t\t\t<div class=\"elementor-element elementor-element-cbde2bd elementor-widget elementor-widget-spacer\" data-id=\"cbde2bd\" data-element_type=\"widget\" data-widget_type=\"spacer.default\">\n\t\t\t\t<div class=\"elementor-widget-container\">\n\t\t\t\t\t<div class=\"elementor-spacer\">\n\t\t\t<div class=\"elementor-spacer-inner\"><\/div>\n\t\t<\/div>\n\t\t\t\t<\/div>\n\t\t\t\t<\/div>\n\t\t\t\t\t<\/div>\n\t\t<\/div>\n\t\t\t\t\t<\/div>\n\t\t<\/section>\n\t\t\t\t<section class=\"elementor-section elementor-top-section elementor-element elementor-element-acba76b elementor-section-full_width elementor-section-stretched elementor-section-height-default elementor-section-height-default wpr-particle-no wpr-jarallax-no wpr-parallax-no wpr-sticky-section-no\" data-id=\"acba76b\" data-element_type=\"section\" data-settings=\"{&quot;stretch_section&quot;:&quot;section-stretched&quot;,&quot;background_background&quot;:&quot;classic&quot;}\">\n\t\t\t\t\t\t<div class=\"elementor-container elementor-column-gap-default\">\n\t\t\t\t\t<div class=\"elementor-column elementor-col-50 elementor-top-column elementor-element elementor-element-22857fe\" data-id=\"22857fe\" data-element_type=\"column\">\n\t\t\t<div class=\"elementor-widget-wrap elementor-element-populated\">\n\t\t\t\t\t\t<div class=\"elementor-element elementor-element-5bd6bdd elementor-widget elementor-widget-heading\" data-id=\"5bd6bdd\" data-element_type=\"widget\" data-widget_type=\"heading.default\">\n\t\t\t\t<div class=\"elementor-widget-container\">\n\t\t\t<h2 class=\"elementor-heading-title elementor-size-default\">\u00bfQUE FORMACI\u00d3N TENGO?<\/h2>\t\t<\/div>\n\t\t\t\t<\/div>\n\t\t\t\t<div class=\"elementor-element elementor-element-787d83c elementor-widget elementor-widget-text-editor\" data-id=\"787d83c\" data-element_type=\"widget\" data-widget_type=\"text-editor.default\">\n\t\t\t\t<div class=\"elementor-widget-container\">\n\t\t\t\t\t\t\t<p>Respecto a mi formaci\u00f3n, soy graduado en \u00abRealizaci\u00f3n audiovisual\u00bb, durante 2 a\u00f1os me form\u00e9 espec\u00edficamente en el mundo audiovisual, realizando gran cantidad de tareas y proyectos profesionales.<br \/>Adem\u00e1s cuento con con las titulaciones A1, A2 Y A3 de operador de UAS, las cuales me permiten realizar vuelos con dron, en mi caso, es una gran herramienta para dotar mis obras con unos planos muy profesionales.<br \/>De cara a la post-producci\u00f3n de proyectos, me he formado con cursos de grandes profesionales (Runbenguo, Auraprods&#8230;).<\/p>\t\t\t\t\t\t<\/div>\n\t\t\t\t<\/div>\n\t\t\t\t<div class=\"elementor-element elementor-element-f7b8c5d elementor-widget elementor-widget-heading\" data-id=\"f7b8c5d\" data-element_type=\"widget\" data-widget_type=\"heading.default\">\n\t\t\t\t<div class=\"elementor-widget-container\">\n\t\t\t<h2 class=\"elementor-heading-title elementor-size-default\">\u00bfCUAL ES MI EXPERIENCIA EN EL SECTOR?<\/h2>\t\t<\/div>\n\t\t\t\t<\/div>\n\t\t\t\t<div class=\"elementor-element elementor-element-3a70c4e elementor-widget elementor-widget-text-editor\" data-id=\"3a70c4e\" data-element_type=\"widget\" data-widget_type=\"text-editor.default\">\n\t\t\t\t<div class=\"elementor-widget-container\">\n\t\t\t\t\t\t\t<p>A pesar de ser una persona joven, cuento con gran cantidad de experiencia en el mundo audiovisual, he realizado m\u00faltiples proyectos personales, he formado parte de diferentes empresas, he trabajado como realizador, fot\u00f3grafo, editor de video&#8230;<br \/>Generalmente trabajo de editor de video desde el a\u00f1o 2017 y como fot\u00f3grafo y filmaker desde el a\u00f1o 2020, habiendo trabajando con una gran cantidad de discotecas, eventos, teatros&#8230;<\/p>\t\t\t\t\t\t<\/div>\n\t\t\t\t<\/div>\n\t\t\t\t<div class=\"elementor-element elementor-element-37ce7eb elementor-widget elementor-widget-heading\" data-id=\"37ce7eb\" data-element_type=\"widget\" data-widget_type=\"heading.default\">\n\t\t\t\t<div class=\"elementor-widget-container\">\n\t\t\t<h2 class=\"elementor-heading-title elementor-size-default\">\u00bfCOMO SE REALIZAN LAS ENTREGAS?<\/h2>\t\t<\/div>\n\t\t\t\t<\/div>\n\t\t\t\t<div class=\"elementor-element elementor-element-835f992 elementor-widget elementor-widget-text-editor\" data-id=\"835f992\" data-element_type=\"widget\" data-widget_type=\"text-editor.default\">\n\t\t\t\t<div class=\"elementor-widget-container\">\n\t\t\t\t\t\t\t<p>La entrega del material depender\u00e1 del proyecto que se haya llevado a cabo.<br \/>En el caso de las sesiones de fotos, por lo general se entregar\u00e1 en las primeras 48\/72 horas, cambiando a un plazo de 24\/48 en el caso de fiestas.<br \/>En los proyectos de video, los plazos si que ser\u00e1n mayores, debido al tiempo que conlleva la post-producci\u00f3n de este.<br \/>Cualquier duda que te surja, respecto a plazos, cantidad de fotograf\u00edas y dem\u00e1s, no dudes en preguntarme, te responder\u00e9 en el plazo mas breve posible.<\/p>\t\t\t\t\t\t<\/div>\n\t\t\t\t<\/div>\n\t\t\t\t<div class=\"elementor-element elementor-element-774e988 elementor-widget elementor-widget-heading\" data-id=\"774e988\" data-element_type=\"widget\" data-widget_type=\"heading.default\">\n\t\t\t\t<div class=\"elementor-widget-container\">\n\t\t\t<h2 class=\"elementor-heading-title elementor-size-default\">\u00bfREALIZO TRABAJOS FUERA DE M\u00c1LAGA?<\/h2>\t\t<\/div>\n\t\t\t\t<\/div>\n\t\t\t\t<div class=\"elementor-element elementor-element-98527e4 elementor-widget elementor-widget-text-editor\" data-id=\"98527e4\" data-element_type=\"widget\" data-widget_type=\"text-editor.default\">\n\t\t\t\t<div class=\"elementor-widget-container\">\n\t\t\t\t\t\t\t<p>Pues&#8230; Lo cierto es que si, aunque resido en M\u00e1laga y por lo general, mi grueso de trabajo es aqu\u00ed, no tendr\u00eda ning\u00fan problema en desplazarme para trabajar contigo en tu proyecto.<br \/>Al final, en much\u00edsimas ocasiones tenemos que adaptarnos al entorno dependiendo de lo que queramos hacer, es por ello, que estoy totalmente abierto a conocer tu proyecto y viajar si este lo requiere.<\/p>\t\t\t\t\t\t<\/div>\n\t\t\t\t<\/div>\n\t\t\t\t<div class=\"elementor-element elementor-element-e216b88 elementor-widget elementor-widget-image\" data-id=\"e216b88\" data-element_type=\"widget\" data-widget_type=\"image.default\">\n\t\t\t\t<div class=\"elementor-widget-container\">\n\t\t\t\t\t\t\t\t\t\t\t\t\t<img decoding=\"async\" width=\"1024\" height=\"625\" src=\"https:\/\/ivaninfante.com\/wp-content\/uploads\/2023\/08\/Logo-1024x625.png\" class=\"attachment-large size-large wp-image-874\" alt=\"\" srcset=\"https:\/\/ivaninfante.com\/wp-content\/uploads\/2023\/08\/Logo-1024x625.png 1024w, https:\/\/ivaninfante.com\/wp-content\/uploads\/2023\/08\/Logo-300x183.png 300w, https:\/\/ivaninfante.com\/wp-content\/uploads\/2023\/08\/Logo-768x469.png 768w, https:\/\/ivaninfante.com\/wp-content\/uploads\/2023\/08\/Logo-1536x938.png 1536w, https:\/\/ivaninfante.com\/wp-content\/uploads\/2023\/08\/Logo-2048x1251.png 2048w\" sizes=\"(max-width: 1024px) 100vw, 1024px\" \/>\t\t\t\t\t\t\t\t\t\t\t\t\t<\/div>\n\t\t\t\t<\/div>\n\t\t\t\t\t<\/div>\n\t\t<\/div>\n\t\t\t\t<div class=\"elementor-column elementor-col-50 elementor-top-column elementor-element elementor-element-0b36ae6\" data-id=\"0b36ae6\" data-element_type=\"column\">\n\t\t\t<div class=\"elementor-widget-wrap elementor-element-populated\">\n\t\t\t\t\t\t<div class=\"elementor-element elementor-element-4895bd2 elementor-widget__width-initial elementor-widget elementor-widget-image\" data-id=\"4895bd2\" data-element_type=\"widget\" data-widget_type=\"image.default\">\n\t\t\t\t<div class=\"elementor-widget-container\">\n\t\t\t\t\t\t\t\t\t\t\t\t\t<img decoding=\"async\" width=\"683\" height=\"1024\" src=\"https:\/\/ivaninfante.com\/wp-content\/uploads\/2023\/07\/tp-scaled-e1690391345340-683x1024.jpg\" class=\"attachment-large size-large wp-image-485\" alt=\"\" srcset=\"https:\/\/ivaninfante.com\/wp-content\/uploads\/2023\/07\/tp-scaled-e1690391345340-683x1024.jpg 683w, https:\/\/ivaninfante.com\/wp-content\/uploads\/2023\/07\/tp-scaled-e1690391345340-200x300.jpg 200w, https:\/\/ivaninfante.com\/wp-content\/uploads\/2023\/07\/tp-scaled-e1690391345340-768x1152.jpg 768w, https:\/\/ivaninfante.com\/wp-content\/uploads\/2023\/07\/tp-scaled-e1690391345340-1024x1536.jpg 1024w, https:\/\/ivaninfante.com\/wp-content\/uploads\/2023\/07\/tp-scaled-e1690391345340-1366x2048.jpg 1366w, https:\/\/ivaninfante.com\/wp-content\/uploads\/2023\/07\/tp-scaled-e1690391345340.jpg 1707w\" sizes=\"(max-width: 683px) 100vw, 683px\" \/>\t\t\t\t\t\t\t\t\t\t\t\t\t<\/div>\n\t\t\t\t<\/div>\n\t\t\t\t\t<\/div>\n\t\t<\/div>\n\t\t\t\t\t<\/div>\n\t\t<\/section>\n\t\t\t\t<\/div>\n\t\t","protected":false},"excerpt":{"rendered":"<p>HOLA, SOY IV\u00c1N INFANTE Y me defino profesionalmente como filmaker y fot\u00f3grafo. Desde hace a\u00f1os vivo con una c\u00e1mara entre mis manos, creando e inventando historias en mi cabeza, volvi\u00e9ndolas inolvidables.&nbsp; Es por eso, que pienso que todos nosotros deber\u00edamos poder volver inolvidables todas aquellas historias y momentos que tan importantes son para nosotros.&nbsp; \u00abEl &hellip;<\/p>\n<p class=\"read-more\"> <a class=\"\" href=\"https:\/\/ivaninfante.com\/index.php\/sobre-mi\/\"> <span class=\"screen-reader-text\">CON\u00d3CEME<\/span> Leer m\u00e1s &raquo;<\/a><\/p>\n","protected":false},"author":1,"featured_media":0,"parent":0,"menu_order":0,"comment_status":"closed","ping_status":"closed","template":"","meta":{"_eb_attr":"","site-sidebar-layout":"no-sidebar","site-content-layout":"page-builder","ast-global-header-display":"","ast-banner-title-visibility":"","ast-main-header-display":"","ast-hfb-above-header-display":"","ast-hfb-below-header-display":"","ast-hfb-mobile-header-display":"","site-post-title":"disabled","ast-breadcrumbs-content":"","ast-featured-img":"disabled","footer-sml-layout":"","theme-transparent-header-meta":"","adv-header-id-meta":"","stick-header-meta":"","header-above-stick-meta":"","header-main-stick-meta":"","header-below-stick-meta":"","_joinchat":[],"footnotes":""},"class_list":["post-122","page","type-page","status-publish","hentry"],"yoast_head":"<!-- This site is optimized with the Yoast SEO plugin v22.4 - https:\/\/yoast.com\/wordpress\/plugins\/seo\/ -->\n<title>CON\u00d3CEME - Iv\u00e1n Infante<\/title>\n<meta name=\"robots\" content=\"index, follow, max-snippet:-1, max-image-preview:large, max-video-preview:-1\" \/>\n<link rel=\"canonical\" href=\"https:\/\/ivaninfante.com\/index.php\/sobre-mi\/\" \/>\n<meta property=\"og:locale\" content=\"es_ES\" \/>\n<meta property=\"og:type\" content=\"article\" \/>\n<meta property=\"og:title\" content=\"CON\u00d3CEME - Iv\u00e1n Infante\" \/>\n<meta property=\"og:description\" content=\"HOLA, SOY IV\u00c1N INFANTE Y me defino profesionalmente como filmaker y fot\u00f3grafo. Desde hace a\u00f1os vivo con una c\u00e1mara entre mis manos, creando e inventando historias en mi cabeza, volvi\u00e9ndolas inolvidables.&nbsp; Es por eso, que pienso que todos nosotros deber\u00edamos poder volver inolvidables todas aquellas historias y momentos que tan importantes son para nosotros.&nbsp; \u00abEl &hellip; CON\u00d3CEME Leer m\u00e1s &raquo;\" \/>\n<meta property=\"og:url\" content=\"https:\/\/ivaninfante.com\/index.php\/sobre-mi\/\" \/>\n<meta property=\"og:site_name\" content=\"Iv\u00e1n Infante\" \/>\n<meta property=\"article:modified_time\" content=\"2023-08-03T12:08:41+00:00\" \/>\n<meta property=\"og:image\" content=\"http:\/\/ivaninfante.com\/wp-content\/uploads\/2023\/07\/BARNUM6363-1-scaled-e1690391635606.jpg\" \/>\n<meta name=\"twitter:card\" content=\"summary_large_image\" \/>\n<meta name=\"twitter:label1\" content=\"Tiempo de lectura\" \/>\n\t<meta name=\"twitter:data1\" content=\"3 minutos\" \/>\n<script type=\"application\/ld+json\" class=\"yoast-schema-graph\">{\"@context\":\"https:\/\/schema.org\",\"@graph\":[{\"@type\":\"WebPage\",\"@id\":\"https:\/\/ivaninfante.com\/index.php\/sobre-mi\/\",\"url\":\"https:\/\/ivaninfante.com\/index.php\/sobre-mi\/\",\"name\":\"CON\u00d3CEME - Iv\u00e1n Infante\",\"isPartOf\":{\"@id\":\"https:\/\/ivaninfante.com\/#website\"},\"primaryImageOfPage\":{\"@id\":\"https:\/\/ivaninfante.com\/index.php\/sobre-mi\/#primaryimage\"},\"image\":{\"@id\":\"https:\/\/ivaninfante.com\/index.php\/sobre-mi\/#primaryimage\"},\"thumbnailUrl\":\"http:\/\/ivaninfante.com\/wp-content\/uploads\/2023\/07\/BARNUM6363-1-scaled-e1690391635606.jpg\",\"datePublished\":\"2023-07-26T09:28:27+00:00\",\"dateModified\":\"2023-08-03T12:08:41+00:00\",\"breadcrumb\":{\"@id\":\"https:\/\/ivaninfante.com\/index.php\/sobre-mi\/#breadcrumb\"},\"inLanguage\":\"es\",\"potentialAction\":[{\"@type\":\"ReadAction\",\"target\":[\"https:\/\/ivaninfante.com\/index.php\/sobre-mi\/\"]}]},{\"@type\":\"ImageObject\",\"inLanguage\":\"es\",\"@id\":\"https:\/\/ivaninfante.com\/index.php\/sobre-mi\/#primaryimage\",\"url\":\"http:\/\/ivaninfante.com\/wp-content\/uploads\/2023\/07\/BARNUM6363-1-scaled-e1690391635606.jpg\",\"contentUrl\":\"http:\/\/ivaninfante.com\/wp-content\/uploads\/2023\/07\/BARNUM6363-1-scaled-e1690391635606.jpg\"},{\"@type\":\"BreadcrumbList\",\"@id\":\"https:\/\/ivaninfante.com\/index.php\/sobre-mi\/#breadcrumb\",\"itemListElement\":[{\"@type\":\"ListItem\",\"position\":1,\"name\":\"Portada\",\"item\":\"https:\/\/ivaninfante.com\/\"},{\"@type\":\"ListItem\",\"position\":2,\"name\":\"CON\u00d3CEME\"}]},{\"@type\":\"WebSite\",\"@id\":\"https:\/\/ivaninfante.com\/#website\",\"url\":\"https:\/\/ivaninfante.com\/\",\"name\":\"Iv\u00e1n Infante\",\"description\":\"\",\"potentialAction\":[{\"@type\":\"SearchAction\",\"target\":{\"@type\":\"EntryPoint\",\"urlTemplate\":\"https:\/\/ivaninfante.com\/?s={search_term_string}\"},\"query-input\":\"required name=search_term_string\"}],\"inLanguage\":\"es\"}]}<\/script>\n<!-- \/ Yoast SEO plugin. -->","yoast_head_json":{"title":"CON\u00d3CEME - Iv\u00e1n Infante","robots":{"index":"index","follow":"follow","max-snippet":"max-snippet:-1","max-image-preview":"max-image-preview:large","max-video-preview":"max-video-preview:-1"},"canonical":"https:\/\/ivaninfante.com\/index.php\/sobre-mi\/","og_locale":"es_ES","og_type":"article","og_title":"CON\u00d3CEME - Iv\u00e1n Infante","og_description":"HOLA, SOY IV\u00c1N INFANTE Y me defino profesionalmente como filmaker y fot\u00f3grafo. Desde hace a\u00f1os vivo con una c\u00e1mara entre mis manos, creando e inventando historias en mi cabeza, volvi\u00e9ndolas inolvidables.&nbsp; Es por eso, que pienso que todos nosotros deber\u00edamos poder volver inolvidables todas aquellas historias y momentos que tan importantes son para nosotros.&nbsp; \u00abEl &hellip; CON\u00d3CEME Leer m\u00e1s &raquo;","og_url":"https:\/\/ivaninfante.com\/index.php\/sobre-mi\/","og_site_name":"Iv\u00e1n Infante","article_modified_time":"2023-08-03T12:08:41+00:00","og_image":[{"url":"http:\/\/ivaninfante.com\/wp-content\/uploads\/2023\/07\/BARNUM6363-1-scaled-e1690391635606.jpg"}],"twitter_card":"summary_large_image","twitter_misc":{"Tiempo de lectura":"3 minutos"},"schema":{"@context":"https:\/\/schema.org","@graph":[{"@type":"WebPage","@id":"https:\/\/ivaninfante.com\/index.php\/sobre-mi\/","url":"https:\/\/ivaninfante.com\/index.php\/sobre-mi\/","name":"CON\u00d3CEME - Iv\u00e1n Infante","isPartOf":{"@id":"https:\/\/ivaninfante.com\/#website"},"primaryImageOfPage":{"@id":"https:\/\/ivaninfante.com\/index.php\/sobre-mi\/#primaryimage"},"image":{"@id":"https:\/\/ivaninfante.com\/index.php\/sobre-mi\/#primaryimage"},"thumbnailUrl":"http:\/\/ivaninfante.com\/wp-content\/uploads\/2023\/07\/BARNUM6363-1-scaled-e1690391635606.jpg","datePublished":"2023-07-26T09:28:27+00:00","dateModified":"2023-08-03T12:08:41+00:00","breadcrumb":{"@id":"https:\/\/ivaninfante.com\/index.php\/sobre-mi\/#breadcrumb"},"inLanguage":"es","potentialAction":[{"@type":"ReadAction","target":["https:\/\/ivaninfante.com\/index.php\/sobre-mi\/"]}]},{"@type":"ImageObject","inLanguage":"es","@id":"https:\/\/ivaninfante.com\/index.php\/sobre-mi\/#primaryimage","url":"http:\/\/ivaninfante.com\/wp-content\/uploads\/2023\/07\/BARNUM6363-1-scaled-e1690391635606.jpg","contentUrl":"http:\/\/ivaninfante.com\/wp-content\/uploads\/2023\/07\/BARNUM6363-1-scaled-e1690391635606.jpg"},{"@type":"BreadcrumbList","@id":"https:\/\/ivaninfante.com\/index.php\/sobre-mi\/#breadcrumb","itemListElement":[{"@type":"ListItem","position":1,"name":"Portada","item":"https:\/\/ivaninfante.com\/"},{"@type":"ListItem","position":2,"name":"CON\u00d3CEME"}]},{"@type":"WebSite","@id":"https:\/\/ivaninfante.com\/#website","url":"https:\/\/ivaninfante.com\/","name":"Iv\u00e1n Infante","description":"","potentialAction":[{"@type":"SearchAction","target":{"@type":"EntryPoint","urlTemplate":"https:\/\/ivaninfante.com\/?s={search_term_string}"},"query-input":"required name=search_term_string"}],"inLanguage":"es"}]}},"_links":{"self":[{"href":"https:\/\/ivaninfante.com\/index.php\/wp-json\/wp\/v2\/pages\/122","targetHints":{"allow":["GET"]}}],"collection":[{"href":"https:\/\/ivaninfante.com\/index.php\/wp-json\/wp\/v2\/pages"}],"about":[{"href":"https:\/\/ivaninfante.com\/index.php\/wp-json\/wp\/v2\/types\/page"}],"author":[{"embeddable":true,"href":"https:\/\/ivaninfante.com\/index.php\/wp-json\/wp\/v2\/users\/1"}],"replies":[{"embeddable":true,"href":"https:\/\/ivaninfante.com\/index.php\/wp-json\/wp\/v2\/comments?post=122"}],"version-history":[{"count":110,"href":"https:\/\/ivaninfante.com\/index.php\/wp-json\/wp\/v2\/pages\/122\/revisions"}],"predecessor-version":[{"id":1343,"href":"https:\/\/ivaninfante.com\/index.php\/wp-json\/wp\/v2\/pages\/122\/revisions\/1343"}],"wp:attachment":[{"href":"https:\/\/ivaninfante.com\/index.php\/wp-json\/wp\/v2\/media?parent=122"}],"curies":[{"name":"wp","href":"https:\/\/api.w.org\/{rel}","templated":true}]}}